{"id":430,"date":"2022-11-07T16:52:44","date_gmt":"2022-11-07T16:52:44","guid":{"rendered":"https:\/\/novalogica.pt\/?page_id=430"},"modified":"2022-12-09T17:46:04","modified_gmt":"2022-12-09T17:46:04","slug":"politica-privacidade-cookies","status":"publish","type":"page","link":"https:\/\/novalogica.pt\/pt\/politica-privacidade-cookies\/","title":{"rendered":"Pol\u00edtica de Privacidade"},"content":{"rendered":"<p>[vc_row][vc_column][vc_column_text]<\/p>\n<h1 style=\"text-align: center;\">Pol\u00edtica de Privacidade<\/h1>\n<p>[\/vc_column_text][\/vc_column][\/vc_row][vc_row][vc_column][vc_column_text]<\/p>\n<p style=\"text-align: center;\">\u00daltima atualiza\u00e7\u00e3o: 04 de Novembro de 2022<\/p>\n<p>[\/vc_column_text][vc_column_text]A pol\u00edtica de privacidade da NVLOGICA SOLUTIONS LDA (&#8220;novalogica,&#8221; &#8220;n\u00f3s,&#8221; &#8220;nos,&#8221; ou &#8220;nosso&#8221;), descreve como e porque podemos recolher, armazenar, utilizar, e\/ou partilhar (&#8220;processar&#8221;) as suas informa\u00e7\u00f5es quando utiliza os nossos servi\u00e7os (&#8220;Servi\u00e7os&#8221;), como por exemplo quando:<\/p>\n<p>&#8211; Visita o nosso website em https:\/\/novalogica.pt, ou qualquer website nosso que tenha links para esta pol\u00edtica de privacidade<\/p>\n<p>&#8211; Envolver-se connosco de outras formas relacionadas, incluindo quaisquer vendas, marketing, ou eventos<\/p>\n<p><b>Perguntas ou preocupa\u00e7\u00f5es?<\/b>\u00a0A leitura desta pol\u00edtica de privacidade ajud\u00e1-lo-\u00e1 a compreender os seus direitos e escolhas em mat\u00e9ria de privacidade. Se n\u00e3o concordar com as nossas pol\u00edticas e pr\u00e1ticas, por favor n\u00e3o utilize os nossos Servi\u00e7os. Se ainda tiver quaisquer perguntas ou preocupa\u00e7\u00f5es, contacte-nos em privacy@novalogica.pt.<\/p>\n<p>&nbsp;<\/p>\n<h2 style=\"text-align: center;\"><b>RESUMO DOS PONTOS-CHAVE<\/b><\/h2>\n<p><b>Que informa\u00e7\u00f5es pessoais processamos?\u00a0<\/b>Quando visita, utiliza, ou navega nos nossos Servi\u00e7os, podemos processar informa\u00e7\u00f5es pessoais dependendo de como interage com a Novalogica e os Servi\u00e7os, das escolhas que faz, e dos produtos e caracter\u00edsticas que utiliza.<\/p>\n<p><b>Processamos alguma informa\u00e7\u00e3o pessoal sens\u00edvel?<\/b>\u00a0N\u00e3o processamos informa\u00e7\u00f5es pessoais sens\u00edveis.<\/p>\n<p><b>Recebemos alguma informa\u00e7\u00e3o de terceiros?<\/b>\u00a0N\u00e3o recebemos qualquer informa\u00e7\u00e3o de terceiros.<\/p>\n<p><b>Como processamos as suas informa\u00e7\u00f5es?<\/b>\u00a0Processamos as suas informa\u00e7\u00f5es para fornecer, melhorar, e gerir os nossos servi\u00e7os, comunicar consigo, para seguran\u00e7a e preven\u00e7\u00e3o de fraudes, e para cumprir a lei. Tamb\u00e9m podemos processar as suas informa\u00e7\u00f5es para outros fins, com o seu consentimento. Processamos as suas informa\u00e7\u00f5es apenas quando temos uma raz\u00e3o legal v\u00e1lida para o fazer.<\/p>\n<p><b>Em que situa\u00e7\u00f5es e com que tipos de <\/b><b>parceiros <\/b><b>partilhamos informa\u00e7\u00f5es pessoais?<\/b>\u00a0Podemos partilhar informa\u00e7\u00f5es em situa\u00e7\u00f5es espec\u00edficas e com categorias espec\u00edficas de terceiros.<\/p>\n<p><b>Como mantemos a sua informa\u00e7\u00e3o segura?<\/b>\u00a0Temos processos e procedimentos organizacionais e t\u00e9cnicos em vigor para proteger as suas informa\u00e7\u00f5es pessoais. Contudo, nenhuma transmiss\u00e3o electr\u00f3nica atrav\u00e9s da Internet ou tecnologia de armazenamento de informa\u00e7\u00e3o pode ser garantida como 100% segura, pelo que n\u00e3o podemos prometer ou garantir que hackers, cibercriminosos, ou outros terceiros n\u00e3o autorizados n\u00e3o ser\u00e3o capazes de comprometer a nossa seguran\u00e7a e recolher, aceder, roubar, ou modificar indevidamente as suas informa\u00e7\u00f5es.<\/p>\n<p><b>Quais s\u00e3o os seus direitos?<\/b>\u00a0Dependendo da sua localiza\u00e7\u00e3o geogr\u00e1fica, a lei de privacidade aplic\u00e1vel significa que tem certos direitos relativamente \u00e0s suas informa\u00e7\u00f5es pessoais.<\/p>\n<p><b>Como \u00e9 que exerce os seus direitos?\u00a0<\/b>A forma mais f\u00e1cil de exercer os seus direitos \u00e9 contactando-nos em privacy@novalogica.pt. Consideraremos e atuaremos em conformidade com as leis de prote\u00e7\u00e3o de dados aplic\u00e1veis.[\/vc_column_text][\/vc_column][\/vc_row][vc_row][vc_column][vc_column_text]<\/p>\n<h2 style=\"text-align: center;\"><b>1.<br \/>\nQUE INFORMA\u00c7\u00d5ES RECOLHEMOS?<\/b><\/h2>\n<p><b>Informa\u00e7\u00e3o pessoal que nos divulga<\/b><\/p>\n<p><b>Em resumo: <\/b>Recolhemos informa\u00e7\u00f5es pessoais que nos fornece.<\/p>\n<p>Recolhemos informa\u00e7\u00f5es pessoais que nos fornece voluntariamente quando manifesta interesse em obter informa\u00e7\u00f5es sobre n\u00f3s ou sobre os nossos produtos e Servi\u00e7os, quando participa em atividades sobre os Servi\u00e7os, ou quando nos contacta de outra forma.<\/p>\n<p><b>Informa\u00e7\u00e3o pessoal fornecida por si.\u00a0<\/b>As informa\u00e7\u00f5es pessoais que recolhemos dependem do contexto das suas interac\u00e7\u00f5es connosco e com os Servi\u00e7os, das escolhas que faz, e dos produtos e caracter\u00edsticas que utiliza. As informa\u00e7\u00f5es pessoais que recolhemos podem incluir o seguinte:<\/p>\n<p>&#8211; nomes<\/p>\n<p>&#8211; n\u00fameros de telefone<\/p>\n<p>&#8211; endere\u00e7os eletr\u00f3nicos<\/p>\n<p>&#8211; moradas<\/p>\n<p>&#8211; cv<\/p>\n<p><b>Informa\u00e7\u00e3o Sens\u00edvel.<\/b>\u00a0N\u00e3o processamos informa\u00e7\u00e3o sens\u00edvel.<\/p>\n<p>Todas as informa\u00e7\u00f5es pessoais que nos fornecer devem ser verdadeiras, completas e exatas, e o cliente deve notificar-nos de quaisquer altera\u00e7\u00f5es a essas informa\u00e7\u00f5es pessoais.<\/p>\n<p><b>Informa\u00e7\u00e3o recolhida automaticamente<\/b><\/p>\n<p><b>Em resumo:<\/b> Algumas informa\u00e7\u00f5es &#8211; tais como o seu endere\u00e7o de Protocolo Internet (IP) e\/ou browser e caracter\u00edsticas do dispositivo &#8211; s\u00e3o recolhidas automaticamente quando visita os nossos Servi\u00e7os.<\/p>\n<p>Recolhemos automaticamente certas informa\u00e7\u00f5es quando visita, utiliza, ou navega nos Servi\u00e7os. Estas informa\u00e7\u00f5es n\u00e3o revelam a sua identidade espec\u00edfica (como o seu nome ou informa\u00e7\u00f5es de contacto), mas podem incluir informa\u00e7\u00f5es de dispositivo e de utiliza\u00e7\u00e3o, como o seu endere\u00e7o IP, browser e caracter\u00edsticas do dispositivo, sistema operativo, prefer\u00eancias de idioma, URL de refer\u00eancia, nome do dispositivo, pa\u00eds, localiza\u00e7\u00e3o, informa\u00e7\u00f5es sobre como e quando utiliza os nossos Servi\u00e7os, e outras informa\u00e7\u00f5es t\u00e9cnicas. Estas informa\u00e7\u00f5es s\u00e3o necess\u00e1rias principalmente para manter a seguran\u00e7a e o funcionamento dos nossos Servi\u00e7os, e para os nossos fins de an\u00e1lise interna e relat\u00f3rios.<\/p>\n<p>Tal como muitas empresas, tamb\u00e9m recolhemos informa\u00e7\u00f5es atrav\u00e9s de cookies e tecnologias semelhantes.<\/p>\n<p>A informa\u00e7\u00e3o que recolhemos inclui:<\/p>\n<p>Dados de registo e de utiliza\u00e7\u00e3o.\u00a0Os dados de registo e de utiliza\u00e7\u00e3o s\u00e3o informa\u00e7\u00f5es relacionadas com servi\u00e7os, diagn\u00f3stico, utiliza\u00e7\u00e3o e desempenho que os nossos servidores recolhem automaticamente quando acede ou utiliza os nossos Servi\u00e7os e que registamos em ficheiros de registo. Dependendo da forma como interage connosco, estes dados de registo podem incluir o seu endere\u00e7o IP, informa\u00e7\u00f5es do dispositivo, tipo de browser e defini\u00e7\u00f5es e informa\u00e7\u00f5es sobre a sua atividade nos Servi\u00e7os (tais como os carimbos de data\/hora associados \u00e0 sua utiliza\u00e7\u00e3o, p\u00e1ginas e ficheiros visualizados, pesquisas, e outras a\u00e7\u00f5es que tome, tais como as caracter\u00edsticas que utiliza), informa\u00e7\u00f5es sobre eventos do dispositivo (tais como atividade do sistema, relat\u00f3rios de erro (por vezes chamados &#8220;crash dumps&#8221;), e defini\u00e7\u00f5es de hardware).<\/p>\n<p>Dados do dispositivo.\u00a0Recolhemos dados de dispositivos, tais como informa\u00e7\u00f5es sobre o seu computador, telefone, tablet, ou outro dispositivo que utilize para aceder aos Servi\u00e7os. Dependendo do dispositivo utilizado, estes dados podem incluir informa\u00e7\u00f5es como o seu endere\u00e7o IP (ou servidor proxy), n\u00fameros de identifica\u00e7\u00e3o de dispositivo e aplica\u00e7\u00e3o, localiza\u00e7\u00e3o, tipo de navegador, modelo de hardware, fornecedor de servi\u00e7os Internet e\/ou operadora m\u00f3vel, sistema operativo, e informa\u00e7\u00e3o de configura\u00e7\u00e3o do sistema.<\/p>\n<p>&nbsp;<\/p>\n<h2 style=\"text-align: center;\"><b>2.<br \/>\nCOMO PROCESSAMOS A SUA INFORMA\u00c7\u00c3O?<\/b><\/h2>\n<p><b>Em resumo: <\/b>Processamos a sua informa\u00e7\u00e3o para fornecer, melhorar e gerir os nossos servi\u00e7os, comunicar consigo, para seguran\u00e7a e preven\u00e7\u00e3o de fraudes, e para cumprir a lei. Podemos tamb\u00e9m processar as suas informa\u00e7\u00f5es para outros fins, com o seu consentimento.<\/p>\n<p><b>Processamos as suas informa\u00e7\u00f5es pessoais por diversas raz\u00f5es, dependendo da forma como interage com os nossos Servi\u00e7os, incluindo:<\/b><\/p>\n<p>Para salvar ou proteger o interesse vital de um indiv\u00edduo.\u00a0Podemos processar a sua informa\u00e7\u00e3o quando necess\u00e1rio para salvar ou proteger o interesse vital de um indiv\u00edduo, de modo a evitar danos.<\/p>\n<p>&nbsp;<\/p>\n<h2 style=\"text-align: center;\"><b>3.<br \/>\nEM QUE BASES JUR\u00cdDICAS CONFIAMOS PARA PROCESSAR A SUA INFORMA\u00c7\u00c3O?<\/b><\/h2>\n<p><b>Em resumo:<\/b> S\u00f3 processamos as suas informa\u00e7\u00f5es pessoais quando acreditamos ser necess\u00e1rio e temos uma raz\u00e3o legal v\u00e1lida (isto \u00e9, base legal) para o fazer ao abrigo da lei aplic\u00e1vel, como com o seu consentimento, para cumprir as leis, para lhe fornecer servi\u00e7os para celebrar ou cumprir as nossas obriga\u00e7\u00f5es contratuais, para proteger os seus direitos, ou para cumprir os nossos leg\u00edtimos interesses comerciais.<\/p>\n<p><b>Se estiver localizado na UE ou no Reino Unido, esta sec\u00e7\u00e3o aplica-se a si.<\/b><\/p>\n<p>O Regulamento Geral de Prote\u00e7\u00e3o de Dados (GDPR) e a GDPR do Reino Unido exigem que expliquemos as bases legais v\u00e1lidas em que nos baseamos para processar as suas informa\u00e7\u00f5es pessoais. Como tal, podemos contar com as seguintes bases legais para processar as suas informa\u00e7\u00f5es pessoais:<\/p>\n<p><b>Consentimento<\/b>.\u00a0Podemos processar as suas informa\u00e7\u00f5es se nos tiver dado autoriza\u00e7\u00e3o (ou seja, consentimento) para utilizar as suas informa\u00e7\u00f5es pessoais para um fim espec\u00edfico. Pode retirar o seu consentimento em qualquer altura.<\/p>\n<p><b>Obriga\u00e7\u00f5es legais.<\/b>\u00a0Podemos processar as suas informa\u00e7\u00f5es sempre que considerarmos necess\u00e1rio para o cumprimento das nossas obriga\u00e7\u00f5es legais, tais como cooperar com um organismo de aplica\u00e7\u00e3o da lei ou ag\u00eancia reguladora, exercer ou defender os nossos direitos legais, ou divulgar as suas informa\u00e7\u00f5es como prova em lit\u00edgios em que estejamos envolvidos.<\/p>\n<p><b>Interesses Vitais.\u00a0<\/b>Podemos processar as suas informa\u00e7\u00f5es quando considerarmos necess\u00e1rio para proteger os seus interesses vitais ou os interesses vitais de terceiros, tais como situa\u00e7\u00f5es que envolvam potenciais amea\u00e7as \u00e0 seguran\u00e7a de qualquer pessoa.<\/p>\n<p>&nbsp;<\/p>\n<h2 style=\"text-align: center;\"><b>4.<br \/>\nQUANDO E COM QUEM PARTILHAMOS AS SUAS INFORMA\u00c7\u00d5ES PESSOAIS?<\/b><\/h2>\n<p><b>Em resumo: <\/b>Podemos partilhar informa\u00e7\u00f5es em situa\u00e7\u00f5es espec\u00edficas descritas nesta sec\u00e7\u00e3o e\/ou com as seguintes categorias de terceiros.<\/p>\n<p><b>Fornecedores, Consultores, e Outros Prestadores de Servi\u00e7os de Terceiros.\u00a0<\/b>Poderemos partilhar os seus dados com fornecedores, prestadores de servi\u00e7os, ou agentes terceiros (&#8220;<b>terceiros<\/b>&#8220;) que efetuem servi\u00e7os para n\u00f3s ou em nosso nome e necessitem de acesso a tais informa\u00e7\u00f5es para realizarem esse trabalho.\u00a0As categorias de terceiros com quem podemos partilhar informa\u00e7\u00f5es pessoais s\u00e3o as seguintes:<\/p>\n<p>&#8211; Prestadores de servi\u00e7os de alojamento de websites<\/p>\n<p>&#8211; Servi\u00e7os de An\u00e1lise de Dados<\/p>\n<p>Tamb\u00e9m podemos ter necessidade de partilhar as suas informa\u00e7\u00f5es pessoais nas seguintes situa\u00e7\u00f5es:<\/p>\n<p><b>Transfer\u00eancias de empresas.\u00a0<\/b>Podemos partilhar ou transferir as suas informa\u00e7\u00f5es relacionadas com, ou durante negocia\u00e7\u00f5es de qualquer fus\u00e3o, venda de ativos da empresa, financiamento, ou aquisi\u00e7\u00e3o da totalidade ou de uma parte dos nossos neg\u00f3cios para outra empresa.<\/p>\n<p><b>Quando utilizamos as APIs da Plataforma Google Maps.<\/b>\u00a0Podemos partilhar as suas informa\u00e7\u00f5es com certas APIs da plataforma Google Maps (por exemplo, Google Maps API, Places API). Para saber mais sobre a Pol\u00edtica de Privacidade do Google, por favor consulte este link.<\/p>\n<p>&nbsp;<\/p>\n<h2 style=\"text-align: center;\"><b>5.<br \/>\nUTILIZAMOS COOKIES E OUTRAS TECNOLOGIAS DE RASTREIO?<\/b><\/h2>\n<p><b>Em resumo:<\/b> Podemos utilizar cookies e outras tecnologias de rastreio para recolher e armazenar a sua informa\u00e7\u00e3o.<\/p>\n<p>Podemos utilizar cookies e outras tecnologias de rastreamento semelhantes (como web beacons e pixels) para aceder ou armazenar informa\u00e7\u00f5es. Informa\u00e7\u00f5es espec\u00edficas sobre como utilizamos tais tecnologias e como pode recusar certos cookies s\u00e3o apresentadas no nosso Aviso de Cookie.<\/p>\n<p>&nbsp;<\/p>\n<h2 style=\"text-align: center;\"><b>6.<br \/>\nDURANTE QUANTO TEMPO GUARDAMOS AS SUAS INFORMA\u00c7\u00d5ES?<\/b><\/h2>\n<p><b>Em resumo:<\/b> Guardamos as suas informa\u00e7\u00f5es durante o tempo necess\u00e1rio para cumprir os objetivos delineados nesta pol\u00edtica de privacidade, salvo disposi\u00e7\u00e3o em contr\u00e1rio por lei.<\/p>\n<p>Apenas guardaremos as suas informa\u00e7\u00f5es pessoais durante o tempo necess\u00e1rio para os fins indicados nesta pol\u00edtica de privacidade, salvo se for exigido ou permitido por lei um per\u00edodo de reten\u00e7\u00e3o mais longo (tais como impostos, contabilidade, ou outros requisitos legais).<\/p>\n<p>Quando n\u00e3o tivermos necessidade comercial leg\u00edtima de processar as suas informa\u00e7\u00f5es pessoais, eliminaremos ou tornaremos an\u00f3nimas tais informa\u00e7\u00f5es, ou, se tal n\u00e3o for poss\u00edvel (por exemplo, porque as suas informa\u00e7\u00f5es pessoais foram armazenadas em arquivos de backup), ent\u00e3o armazenaremos em seguran\u00e7a as suas informa\u00e7\u00f5es pessoais e isol\u00e1-las-emos de qualquer outro processamento at\u00e9 que seja poss\u00edvel a sua elimina\u00e7\u00e3o.<\/p>\n<p>&nbsp;<\/p>\n<h2 style=\"text-align: center;\"><b>7.<br \/>\nCOMO MANTEMOS A SUA INFORMA\u00c7\u00c3O SEGURA?<span class=\"Apple-converted-space\">\u00a0<\/span><\/b><\/h2>\n<p><b>Em resumo: <\/b>O nosso objetivo \u00e9 proteger as suas informa\u00e7\u00f5es pessoais atrav\u00e9s de um sistema de medidas de seguran\u00e7a organizacionais e t\u00e9cnicas.<\/p>\n<p>Implementamos medidas de seguran\u00e7a t\u00e9cnicas e organizacionais adequadas e razo\u00e1veis concebidas para proteger a seguran\u00e7a de quaisquer informa\u00e7\u00f5es pessoais que processamos. Contudo, apesar das nossas salvaguardas e esfor\u00e7os para proteger as suas informa\u00e7\u00f5es, nenhuma transmiss\u00e3o eletr\u00f3nica atrav\u00e9s da Internet ou tecnologia de armazenamento de informa\u00e7\u00f5es pode ser garantida como 100% segura, pelo que n\u00e3o podemos prometer ou garantir que hackers, cibercriminosos, ou outros terceiros n\u00e3o autorizados n\u00e3o ser\u00e3o capazes de comprometer a nossa seguran\u00e7a e recolher, aceder, roubar, ou modificar indevidamente as suas informa\u00e7\u00f5es. Embora fa\u00e7amos o nosso melhor para proteger as suas informa\u00e7\u00f5es pessoais, a transmiss\u00e3o de informa\u00e7\u00f5es pessoais de e para os nossos Servi\u00e7os \u00e9 feita por sua conta e risco. S\u00f3 dever\u00e1 aceder aos Servi\u00e7os dentro de um ambiente seguro.<\/p>\n<p>&nbsp;<\/p>\n<h2 style=\"text-align: center;\"><b>8.<br \/>\nRECOLHEMOS INFORMA\u00c7\u00d5ES DE MENORES?<span class=\"Apple-converted-space\">\u00a0<\/span><\/b><\/h2>\n<p><b>Em resumo:<\/b> N\u00e3o recolhemos intencionalmente dados de ou comercializamos para crian\u00e7as menores de 18 anos.<\/p>\n<p>N\u00e3o solicitamos intencionalmente dados de ou comercializamos a crian\u00e7as menores de 18 anos. Ao utilizar os Servi\u00e7os, o cliente declara que tem pelo menos 18 anos ou que \u00e9 o pai ou tutor desse menor e consente a utiliza\u00e7\u00e3o dos Servi\u00e7os por esse menor dependente. Se soubermos que foram recolhidas informa\u00e7\u00f5es pessoais de utilizadores com menos de 18 anos de idade, desactivaremos a conta e tomaremos medidas razo\u00e1veis para eliminar prontamente tais dados dos nossos registos. Se tomar conhecimento de quaisquer dados que possamos ter recolhido de crian\u00e7as menores de 18 anos, queira contactar-nos para privacy@novalogica.pt.<\/p>\n<p>&nbsp;<\/p>\n<h2 style=\"text-align: center;\"><b>9.<br \/>\nQUAIS S\u00c3O OS SEUS DIREITOS DE PRIVACIDADE?<\/b><\/h2>\n<p><b>Em resumo:<\/b> Em algumas regi\u00f5es, tais como o Espa\u00e7o Econ\u00f3mico Europeu (EEE) e o Reino Unido (UK), tem direitos que lhe permitem um maior acesso e controlo sobre as suas informa\u00e7\u00f5es pessoais.\u00a0Pode rever, alterar, ou encerrar a sua conta em qualquer altura.<\/p>\n<p>Nalgumas regi\u00f5es (como o EEE e o Reino Unido), tem certos direitos ao abrigo das leis de protec\u00e7\u00e3o de dados aplic\u00e1veis. Estes podem incluir o direito (i) de solicitar acesso e obter uma c\u00f3pia das suas informa\u00e7\u00f5es pessoais, (ii) de solicitar retifica\u00e7\u00e3o ou elimina\u00e7\u00e3o; (iii) de restringir o processamento das suas informa\u00e7\u00f5es pessoais; e (iv) se aplic\u00e1vel, \u00e0 portabilidade dos dados. Em determinadas circunst\u00e2ncias, poder\u00e1 tamb\u00e9m ter o direito de se opor ao processamento das suas informa\u00e7\u00f5es pessoais. Pode fazer tal pedido contactando-nos utilizando os dados de contacto fornecidos na sec\u00e7\u00e3o &#8220;COMO PODE CONTACTAR-NOS SOBRE ESTE AVISO?&#8221; abaixo.<\/p>\n<p>Consideraremos e daremos seguimento a qualquer pedido em conformidade com as leis de prote\u00e7\u00e3o de dados aplic\u00e1veis.<\/p>\n<p>&nbsp;<\/p>\n<p>Se estiver localizado no EEE ou no Reino Unido e considerar que estamos a processar ilegalmente as suas informa\u00e7\u00f5es pessoais, tem tamb\u00e9m o direito de apresentar queixa \u00e0 sua autoridade de supervis\u00e3o local em mat\u00e9ria de protec\u00e7\u00e3o de dados. Pode encontrar os dados de contacto aqui: https:\/\/ec.europa.eu\/justice\/data-protection\/bodies\/authorities\/index_en.htm.<\/p>\n<p>Consideraremos e daremos seguimento a qualquer pedido em conformidade com as leis de prote\u00e7\u00e3o de dados aplic\u00e1veis.<\/p>\n<p>Se estiver localizado na Su\u00ed\u00e7a, os dados de contacto para as autoridades de prote\u00e7\u00e3o de dados est\u00e3o dispon\u00edveis aqui: https:\/\/www.edoeb.admin.ch\/edoeb\/en\/home.html.<\/p>\n<p>Retirar o seu consentimento:\u00a0Se dependermos do seu consentimento para processar as suas informa\u00e7\u00f5es pessoais, que podem ser consentimento expresso e\/ou impl\u00edcito dependendo da lei aplic\u00e1vel, tem o direito de retirar o seu consentimento em qualquer altura. Pode retirar o seu consentimento em qualquer altura, contactando-nos utilizando os dados de contacto fornecidos na sec\u00e7\u00e3o &#8220;COMO PODE CONTACTAR-NOS SOBRE ESTE AVISO?&#8221; abaixo.<\/p>\n<p>No entanto, note que isto n\u00e3o afetar\u00e1 a legalidade do processamento antes da sua retirada nem, quando a lei aplic\u00e1vel o permitir, afetar\u00e1 o processamento das suas informa\u00e7\u00f5es pessoais conduzido com base em motivos de processamento legais que n\u00e3o o consentimento.<\/p>\n<p>Cookies e tecnologias semelhantes:\u00a0A maioria dos browsers da Web s\u00e3o configurados para aceitar cookies por defeito. Se preferir, pode geralmente optar por configurar o seu navegador para remover cookies e rejeitar cookies. Se optar por remover cookies ou rejeitar cookies, isto poder\u00e1 afetar determinadas caracter\u00edsticas ou servi\u00e7os dos nossos Servi\u00e7os. Para optar por n\u00e3o aceitar publicidade baseada em interesses dos anunciantes nos nossos Servi\u00e7os, visite http:\/\/www.aboutads.info\/choices\/.<\/p>\n<p>Se tiver perguntas ou coment\u00e1rios sobre os seus direitos de privacidade, pode enviar-nos um e-mail para privacy@novalogica.pt.<\/p>\n<p>&nbsp;<\/p>\n<h2 style=\"text-align: center;\"><b>10.<br \/>\nCONTROLOS PARA CARACTER\u00cdSTICAS DE N\u00c3O-TRACKING<\/b><\/h2>\n<p>A maioria dos navegadores web e alguns sistemas operativos m\u00f3veis e aplica\u00e7\u00f5es m\u00f3veis incluem uma funcionalidade Do-Not-Track (&#8220;DNT&#8221;) ou configura\u00e7\u00e3o que pode ativar para assinalar a sua prefer\u00eancia de privacidade de n\u00e3o ter dados sobre as suas atividades de navega\u00e7\u00e3o on-line monitorizados e recolhidos. Nesta fase, ainda n\u00e3o foi finalizado nenhum padr\u00e3o tecnol\u00f3gico uniforme para o reconhecimento e implementa\u00e7\u00e3o de sinais DNT. Como tal, n\u00e3o respondemos atualmente aos sinais de navega\u00e7\u00e3o DNT ou a qualquer outro mecanismo que comunique automaticamente a sua escolha de n\u00e3o ser monitorizado online. Se for adotado um padr\u00e3o de rastreio online que tenhamos de seguir no futuro, inform\u00e1-lo-emos sobre essa pr\u00e1tica numa vers\u00e3o revista desta pol\u00edtica de privacidade.<\/p>\n<p>&nbsp;<\/p>\n<h2 style=\"text-align: center;\"><b>11.<br \/>\nFAZEMOS ATUALIZA\u00c7\u00d5ES A ESTA POL\u00cdTICA?<\/b><\/h2>\n<p><b>Em resumo<\/b>: Sim, atualizaremos este aviso sempre que necess\u00e1rio para nos mantermos em conformidade com as leis relevantes.<\/p>\n<p>Podemos atualizar esta pol\u00edtica de privacidade de tempos a tempos. A vers\u00e3o atualizada ser\u00e1 indicada por uma data atualizada &#8220;Revisto&#8221; e a vers\u00e3o atualizada ser\u00e1 efetiva assim que estiver acess\u00edvel. Se fizermos altera\u00e7\u00f5es materiais a esta declara\u00e7\u00e3o de privacidade, poderemos notific\u00e1-lo, quer colocando de forma proeminente uma notifica\u00e7\u00e3o de tais altera\u00e7\u00f5es, quer enviando-lhe diretamente uma notifica\u00e7\u00e3o. Encorajamos o utilizador a rever esta pol\u00edtica de privacidade frequentemente para ser informado sobre a forma como estamos a proteger as suas informa\u00e7\u00f5es.<\/p>\n<p>&nbsp;<\/p>\n<h2 style=\"text-align: center;\"><b>13.<br \/>\nCOMO NOS PODE CONTACTAR SOBRE ESTE AVISO?<\/b><\/h2>\n<p>Se tiver perguntas ou coment\u00e1rios sobre este aviso, pode enviar-nos um e-mail para privacy@novalogica.pt ou pelo correio para:<\/p>\n<p>NVLOGICA SOLUTIONS LDA R.<span class=\"Apple-converted-space\">\u00a0<\/span><\/p>\n<p>Nossa Sra. F\u00e1tima 14,<span class=\"Apple-converted-space\">\u00a0<\/span><\/p>\n<p>S. Cosme 4420-214 Gondomar<span class=\"Apple-converted-space\">\u00a0<\/span><\/p>\n<p>Portugal<\/p>\n<p>&nbsp;<\/p>\n<h2 style=\"text-align: center;\"><b>14.<br \/>\nCOMO PODE REVER, ATUALIZAR, OU APAGAR OS DADOS QUE RECOLHEMOS DE SI?<\/b><\/h2>\n<p>Tem o direito de solicitar o acesso \u00e0s informa\u00e7\u00f5es pessoais que recolhemos de si, alterar essas informa\u00e7\u00f5es, ou apag\u00e1-las.\u00a0Para solicitar a revis\u00e3o, actualiza\u00e7\u00e3o, ou elimina\u00e7\u00e3o das suas informa\u00e7\u00f5es pessoais, envie-nos um e-mail para privacy@novalogica.pt.[\/vc_column_text][\/vc_column][\/vc_row]<\/p>\n","protected":false},"excerpt":{"rendered":"<p>[vc_row][vc_column][vc_column_text] Pol\u00edtica de Privacidade [\/vc_column_text][\/vc_column][\/vc_row][vc_row][vc_column][vc_column_text] \u00daltima atualiza\u00e7\u00e3o: 04 de Novembro de 2022 [\/vc_column_text][vc_column_text]A pol\u00edtica de privacidade da NVLOGICA SOLUTIONS LDA (&#8220;novalogica,&#8221; &#8220;n\u00f3s,&#8221; &#8220;nos,&#8221; ou &#8220;nosso&#8221;), descreve como e porque podemos [&hellip;]<\/p>\n","protected":false},"author":1,"featured_media":0,"parent":0,"menu_order":7,"comment_status":"closed","ping_status":"closed","template":"","meta":{"footnotes":""},"class_list":["post-430","page","type-page","status-publish","hentry"],"lang":"pt","translations":{"pt":430,"en":366},"pll_sync_post":[],"_links":{"self":[{"href":"https:\/\/novalogica.pt\/wp-json\/wp\/v2\/pages\/430","targetHints":{"allow":["GET"]}}],"collection":[{"href":"https:\/\/novalogica.pt\/wp-json\/wp\/v2\/pages"}],"about":[{"href":"https:\/\/novalogica.pt\/wp-json\/wp\/v2\/types\/page"}],"author":[{"embeddable":true,"href":"https:\/\/novalogica.pt\/wp-json\/wp\/v2\/users\/1"}],"replies":[{"embeddable":true,"href":"https:\/\/novalogica.pt\/wp-json\/wp\/v2\/comments?post=430"}],"version-history":[{"count":3,"href":"https:\/\/novalogica.pt\/wp-json\/wp\/v2\/pages\/430\/revisions"}],"predecessor-version":[{"id":570,"href":"https:\/\/novalogica.pt\/wp-json\/wp\/v2\/pages\/430\/revisions\/570"}],"wp:attachment":[{"href":"https:\/\/novalogica.pt\/wp-json\/wp\/v2\/media?parent=430"}],"curies":[{"name":"wp","href":"https:\/\/api.w.org\/{rel}","templated":true}]}}