{"id":416,"date":"2022-11-07T16:49:53","date_gmt":"2022-11-07T16:49:53","guid":{"rendered":"https:\/\/novalogica.pt\/?page_id=416"},"modified":"2023-10-12T13:21:47","modified_gmt":"2023-10-12T12:21:47","slug":"carreiras","status":"publish","type":"page","link":"https:\/\/novalogica.pt\/pt\/carreiras\/","title":{"rendered":"Carreiras"},"content":{"rendered":"<p>[vc_section title=&#8221;Oportunidades&#8221;][vc_row][vc_column]<div class=\"novalogica_jobs_listing \" data-track-viewport>\n\n\t<div class=\"heading_section_1\">\n\n\t\t<h1 class=\"heading\">\n\n\t\t\t\t\t\t\t<div class=\"pre_title\">Um espa\u00e7o para<\/div>\n\t\t\t\n\t\t\t\t\t\t\t<div class=\"title\">Oportunidades<\/div>\n\t\t\t\n\t\t\t\n\t\t\t<div class=\"circle\"><\/div>\n\n\t\t<\/h1>\n\n\t\t\t\t\t<div class=\"jobs_wrapper desktop\">\n\t\t\t\t<div class=\"swiper\">\n\t\t\t\t\t<div class=\"swiper-wrapper\">\n\t\t\t\t\t\t\t\t\t\t\t\t\t<div class=\"swiper-slide\">\n\t\t\t\t\t\t\t\t<ul class=\"jobs\">\n\t\t\t\t\t\t\t\t\t\t\t\t\t\t\t\t\t\t\t<li class=\"job\">\n\t<h3 class=\"job_title\"><a href=\"https:\/\/novalogica.pt\/job\/dynamics-365-ce-power-platform-senior-developer\/\">Senior Dynamics 365 CE & Power Platform Developer<\/a><\/h3>\n\t<div class=\"skills\">\n\t\t\t\t\t<span>.NET<\/span>\n\t\t\t\t\t<span>C#<\/span>\n\t\t\t\t\t<span>JavaScript<\/span>\n\t\t\t<\/div>\n\t<div class=\"apply\">\n\t\t<a href=\"https:\/\/novalogica.pt\/job\/dynamics-365-ce-power-platform-senior-developer\/\">Apply Now<\/a>\n\t<\/div>\n<\/li>\t\t\t\t\t\t\t\t\t\t\t\t\t\t\t\t\t\t\t<li class=\"job\">\n\t<h3 class=\"job_title\"><a href=\"https:\/\/novalogica.pt\/pt\/anuncio\/dynamics-365-ce-power-platform-senior-developer\/\">Dynamics 365 CE Power Platform Developer S\u00e9nior<\/a><\/h3>\n\t<div class=\"skills\">\n\t\t\t\t\t<span>.NET<\/span>\n\t\t\t\t\t<span>C#<\/span>\n\t\t\t\t\t<span>JavaScript<\/span>\n\t\t\t<\/div>\n\t<div class=\"apply\">\n\t\t<a href=\"https:\/\/novalogica.pt\/pt\/anuncio\/dynamics-365-ce-power-platform-senior-developer\/\">Apply Now<\/a>\n\t<\/div>\n<\/li>\t\t\t\t\t\t\t\t\t\t\t\t\t\t\t\t\t\t\t<li class=\"job\">\n\t<h3 class=\"job_title\"><a href=\"https:\/\/novalogica.pt\/job\/dynamics-365-ce-power-platform-senior-developer-2\/\">Junior Dynamics 365 CE & Power Platform Developer<\/a><\/h3>\n\t<div class=\"skills\">\n\t\t\t\t\t<span>.NET<\/span>\n\t\t\t\t\t<span>C#<\/span>\n\t\t\t\t\t<span>JavaScript<\/span>\n\t\t\t<\/div>\n\t<div class=\"apply\">\n\t\t<a href=\"https:\/\/novalogica.pt\/job\/dynamics-365-ce-power-platform-senior-developer-2\/\">Apply Now<\/a>\n\t<\/div>\n<\/li>\t\t\t\t\t\t\t\t\t\t\t\t\t\t\t\t\t<\/ul>\n\t\t\t\t\t\t\t<\/div>\n\t\t\t\t\t\t\t\t\t\t\t\t\t<div class=\"swiper-slide\">\n\t\t\t\t\t\t\t\t<ul class=\"jobs\">\n\t\t\t\t\t\t\t\t\t\t\t\t\t\t\t\t\t\t\t<li class=\"job\">\n\t<h3 class=\"job_title\"><a href=\"https:\/\/novalogica.pt\/pt\/anuncio\/dynamics-365-ce-power-platform-senior-developer-3\/\">Dynamics 365 CE & Power Platform Developer J\u00fanior<\/a><\/h3>\n\t<div class=\"skills\">\n\t\t\t\t\t<span>.NET<\/span>\n\t\t\t\t\t<span>C#<\/span>\n\t\t\t\t\t<span>JavaScript<\/span>\n\t\t\t<\/div>\n\t<div class=\"apply\">\n\t\t<a href=\"https:\/\/novalogica.pt\/pt\/anuncio\/dynamics-365-ce-power-platform-senior-developer-3\/\">Apply Now<\/a>\n\t<\/div>\n<\/li>\t\t\t\t\t\t\t\t\t\t\t\t\t\t\t\t\t\t\t<li class=\"job\">\n\t<h3 class=\"job_title\"><a href=\"https:\/\/novalogica.pt\/job\/business-developer-microsoft-solutions\/\">Business Developer (Microsoft Solutions)<\/a><\/h3>\n\t<div class=\"skills\">\n\t\t\t<\/div>\n\t<div class=\"apply\">\n\t\t<a href=\"https:\/\/novalogica.pt\/job\/business-developer-microsoft-solutions\/\">Apply Now<\/a>\n\t<\/div>\n<\/li>\t\t\t\t\t\t\t\t\t\t\t\t\t\t\t\t\t\t\t<li class=\"job\">\n\t<h3 class=\"job_title\"><a href=\"https:\/\/novalogica.pt\/pt\/anuncio\/business-developer-microsoft-solutions\/\">Business Developer (Microsoft Solutions)<\/a><\/h3>\n\t<div class=\"skills\">\n\t\t\t<\/div>\n\t<div class=\"apply\">\n\t\t<a href=\"https:\/\/novalogica.pt\/pt\/anuncio\/business-developer-microsoft-solutions\/\">Apply Now<\/a>\n\t<\/div>\n<\/li>\t\t\t\t\t\t\t\t\t\t\t\t\t\t\t\t\t<\/ul>\n\t\t\t\t\t\t\t<\/div>\n\t\t\t\t\t\t\t\t\t\t\t<\/div>\n\t\t\t\t<\/div>\n\t\t\t\t<div class=\"pagination\"><\/div>\n\t\t\t<\/div>\n\t\t\t<div class=\"jobs_wrapper mobile\">\n\t\t\t\t<div class=\"swiper\">\n\t\t\t\t\t<div class=\"swiper-wrapper\">\n\t\t\t\t\t\t\t\t\t\t\t\t\t<div class=\"swiper-slide\">\n\t\t\t\t\t\t\t\t<ul class=\"jobs\">\n\t\t\t\t\t\t\t\t\t\t\t\t\t\t\t\t\t\t\t<li class=\"job\">\n\t<h3 class=\"job_title\"><a href=\"https:\/\/novalogica.pt\/job\/dynamics-365-ce-power-platform-senior-developer\/\">Senior Dynamics 365 CE & Power Platform Developer<\/a><\/h3>\n\t<div class=\"skills\">\n\t\t\t\t\t<span>.NET<\/span>\n\t\t\t\t\t<span>C#<\/span>\n\t\t\t\t\t<span>JavaScript<\/span>\n\t\t\t<\/div>\n\t<div class=\"apply\">\n\t\t<a href=\"https:\/\/novalogica.pt\/job\/dynamics-365-ce-power-platform-senior-developer\/\">Apply Now<\/a>\n\t<\/div>\n<\/li>\t\t\t\t\t\t\t\t\t\t\t\t\t\t\t\t\t\t\t<li class=\"job\">\n\t<h3 class=\"job_title\"><a href=\"https:\/\/novalogica.pt\/pt\/anuncio\/dynamics-365-ce-power-platform-senior-developer\/\">Dynamics 365 CE Power Platform Developer S\u00e9nior<\/a><\/h3>\n\t<div class=\"skills\">\n\t\t\t\t\t<span>.NET<\/span>\n\t\t\t\t\t<span>C#<\/span>\n\t\t\t\t\t<span>JavaScript<\/span>\n\t\t\t<\/div>\n\t<div class=\"apply\">\n\t\t<a href=\"https:\/\/novalogica.pt\/pt\/anuncio\/dynamics-365-ce-power-platform-senior-developer\/\">Apply Now<\/a>\n\t<\/div>\n<\/li>\t\t\t\t\t\t\t\t\t\t\t\t\t\t\t\t\t\t\t<li class=\"job\">\n\t<h3 class=\"job_title\"><a href=\"https:\/\/novalogica.pt\/job\/dynamics-365-ce-power-platform-senior-developer-2\/\">Junior Dynamics 365 CE & Power Platform Developer<\/a><\/h3>\n\t<div class=\"skills\">\n\t\t\t\t\t<span>.NET<\/span>\n\t\t\t\t\t<span>C#<\/span>\n\t\t\t\t\t<span>JavaScript<\/span>\n\t\t\t<\/div>\n\t<div class=\"apply\">\n\t\t<a href=\"https:\/\/novalogica.pt\/job\/dynamics-365-ce-power-platform-senior-developer-2\/\">Apply Now<\/a>\n\t<\/div>\n<\/li>\t\t\t\t\t\t\t\t\t\t\t\t\t\t\t\t\t<\/ul>\n\t\t\t\t\t\t\t<\/div>\n\t\t\t\t\t\t\t\t\t\t\t\t\t<div class=\"swiper-slide\">\n\t\t\t\t\t\t\t\t<ul class=\"jobs\">\n\t\t\t\t\t\t\t\t\t\t\t\t\t\t\t\t\t\t\t<li class=\"job\">\n\t<h3 class=\"job_title\"><a href=\"https:\/\/novalogica.pt\/pt\/anuncio\/dynamics-365-ce-power-platform-senior-developer-3\/\">Dynamics 365 CE & Power Platform Developer J\u00fanior<\/a><\/h3>\n\t<div class=\"skills\">\n\t\t\t\t\t<span>.NET<\/span>\n\t\t\t\t\t<span>C#<\/span>\n\t\t\t\t\t<span>JavaScript<\/span>\n\t\t\t<\/div>\n\t<div class=\"apply\">\n\t\t<a href=\"https:\/\/novalogica.pt\/pt\/anuncio\/dynamics-365-ce-power-platform-senior-developer-3\/\">Apply Now<\/a>\n\t<\/div>\n<\/li>\t\t\t\t\t\t\t\t\t\t\t\t\t\t\t\t\t\t\t<li class=\"job\">\n\t<h3 class=\"job_title\"><a href=\"https:\/\/novalogica.pt\/job\/business-developer-microsoft-solutions\/\">Business Developer (Microsoft Solutions)<\/a><\/h3>\n\t<div class=\"skills\">\n\t\t\t<\/div>\n\t<div class=\"apply\">\n\t\t<a href=\"https:\/\/novalogica.pt\/job\/business-developer-microsoft-solutions\/\">Apply Now<\/a>\n\t<\/div>\n<\/li>\t\t\t\t\t\t\t\t\t\t\t\t\t\t\t\t\t\t\t<li class=\"job\">\n\t<h3 class=\"job_title\"><a href=\"https:\/\/novalogica.pt\/pt\/anuncio\/business-developer-microsoft-solutions\/\">Business Developer (Microsoft Solutions)<\/a><\/h3>\n\t<div class=\"skills\">\n\t\t\t<\/div>\n\t<div class=\"apply\">\n\t\t<a href=\"https:\/\/novalogica.pt\/pt\/anuncio\/business-developer-microsoft-solutions\/\">Apply Now<\/a>\n\t<\/div>\n<\/li>\t\t\t\t\t\t\t\t\t\t\t\t\t\t\t\t\t<\/ul>\n\t\t\t\t\t\t\t<\/div>\n\t\t\t\t\t\t\t\t\t\t\t<\/div>\n\t\t\t\t<\/div>\n\t\t\t\t<div class=\"pagination\"><\/div>\n\t\t\t<\/div>\n\t\t\n\t\t\t\t\t<div class=\"button button_mobile\">\n\t\t\t\t<a href=\"https:\/\/novalogica.pt\/pt\/carreiras\/candidatura-espontanea\/\">\n\t\t\t\t\t<span>N\u00e3o encontras<br \/>\no que procuras?<\/span>\n\t\t\t\t\t\t\t\t\t\t\t<em>Faz uma candidatura espont\u00e2nea e<br \/>\npode ser que encontremos algo para ti<\/em>\n\t\t\t\t\t\t\t\t\t\t\t\t\t\t\t\t<cite>candidata-te agora<\/cite>\n\t\t\t\t\t\t\t\t\t<\/a>\n\t\t\t<\/div>\n\t\t\n\t<\/div>\n\n\t<div class=\"heading_section_2\">\n\t\t\t\t\t<div class=\"image\">\n\t\t\t\t<img loading=\"lazy\" decoding=\"async\" width=\"1920\" height=\"912\" src=\"https:\/\/novalogica.pt\/wp-content\/uploads\/2022\/09\/header-opportunities-novalogica.jpg\" class=\"attachment-full size-full\" alt=\"\" srcset=\"https:\/\/novalogica.pt\/wp-content\/uploads\/2022\/09\/header-opportunities-novalogica.jpg 1920w, https:\/\/novalogica.pt\/wp-content\/uploads\/2022\/09\/header-opportunities-novalogica-600x285.jpg 600w, https:\/\/novalogica.pt\/wp-content\/uploads\/2022\/09\/header-opportunities-novalogica-1600x760.jpg 1600w\" sizes=\"auto, (max-width: 1920px) 100vw, 1920px\" \/>\t\t\t<\/div>\n\t\t\t\t\t\t\t<div class=\"button\">\n\t\t\t\t<a href=\"https:\/\/novalogica.pt\/pt\/carreiras\/candidatura-espontanea\/\">\n\t\t\t\t\t<span>N\u00e3o encontras<br \/>\no que procuras?<\/span>\n\t\t\t\t\t\t\t\t\t\t\t<em>Faz uma candidatura espont\u00e2nea e<br \/>\npode ser que encontremos algo para ti<\/em>\n\t\t\t\t\t\t\t\t\t\t\t\t\t\t\t\t<cite>candidata-te agora<\/cite>\n\t\t\t\t\t\t\t\t\t<\/a>\n\t\t\t<\/div>\n\t\t\t<\/div>\n\n<\/div>\n[\/vc_column][\/vc_row][\/vc_section][vc_section title=&#8221;O que Oferecemos&#8221;][vc_row][vc_column]<div class=\"novalogica_info_block_4 \" data-track-viewport>\n\n\t<h2 class=\"novalogica_heading\">\n\n\t\t\t\t\t<div class=\"pre_title\">N\u00e3o \u00e9 magia, \u00e9 apenas a vontade de<\/div>\n\t\t\n\t\t\t\t\t<div class=\"title\">Crescer<\/div>\n\t\t\n\t\t\n\t<\/h2>\n\n\t<div class=\"slides novalogica_animate_children\" data-track-viewport>\n\t\t<div class=\"slide\">\n\t\t\t<div class=\"image\">\n\t\t\t<img loading=\"lazy\" decoding=\"async\" width=\"706\" height=\"1382\" src=\"https:\/\/novalogica.pt\/wp-content\/uploads\/2022\/09\/context-dynamics365-novalogica-carers.jpg\" class=\"attachment-large size-large\" alt=\"\" srcset=\"https:\/\/novalogica.pt\/wp-content\/uploads\/2022\/09\/context-dynamics365-novalogica-carers.jpg 706w, https:\/\/novalogica.pt\/wp-content\/uploads\/2022\/09\/context-dynamics365-novalogica-carers-307x600.jpg 307w\" sizes=\"auto, (max-width: 706px) 100vw, 706px\" \/>\t\t<\/div>\n\t    <h4 class=\"title\">O que<br \/>\nprocuramos<\/h4>\n    <div class=\"description\">A oportunidade para te ver crescer, n\u00e3o apenas como profissional, mas tamb\u00e9m enquanto pessoa. Queremos pessoas apaixonadas e determinadas que queiram evoluir connosco.<\/div>\n<\/div>\n<div class=\"slide\">\n\t\t\t<div class=\"image\">\n\t\t\t<img loading=\"lazy\" decoding=\"async\" width=\"706\" height=\"1382\" src=\"https:\/\/novalogica.pt\/wp-content\/uploads\/2022\/09\/context-microsoft-dev-novalogica-carers.jpg\" class=\"attachment-large size-large\" alt=\"\" srcset=\"https:\/\/novalogica.pt\/wp-content\/uploads\/2022\/09\/context-microsoft-dev-novalogica-carers.jpg 706w, https:\/\/novalogica.pt\/wp-content\/uploads\/2022\/09\/context-microsoft-dev-novalogica-carers-307x600.jpg 307w\" sizes=\"auto, (max-width: 706px) 100vw, 706px\" \/>\t\t<\/div>\n\t    <h4 class=\"title\">Como o<br \/>\nfazemos<\/h4>\n    <div class=\"description\">Ter\u00e1s n\u00e3o apenas um bom ambiente de trabalho, mas tamb\u00e9m pessoas com quem conversar, rir e aprender, que ficar\u00e3o entusiasmadas por te ter na equipa.<\/div>\n<\/div>\n<div class=\"slide\">\n\t\t\t<div class=\"image\">\n\t\t\t<img loading=\"lazy\" decoding=\"async\" width=\"706\" height=\"1382\" src=\"https:\/\/novalogica.pt\/wp-content\/uploads\/2022\/09\/context-devops-novalogica-carers.jpg\" class=\"attachment-large size-large\" alt=\"\" srcset=\"https:\/\/novalogica.pt\/wp-content\/uploads\/2022\/09\/context-devops-novalogica-carers.jpg 706w, https:\/\/novalogica.pt\/wp-content\/uploads\/2022\/09\/context-devops-novalogica-carers-307x600.jpg 307w\" sizes=\"auto, (max-width: 706px) 100vw, 706px\" \/>\t\t<\/div>\n\t    <h4 class=\"title\">O que te<br \/>\npodemos proporcionar<\/h4>\n    <div class=\"description\">Um local de trabalho ao qual estar\u00e1s ansioso por chegar todos os dias. Flexibilidade de hor\u00e1rios de trabalho e e possibilidade de trabalho remoto para maximizar o equil\u00edbrio entre a vida profissional e pessoal. Um pacote completo de benef\u00edcios incluindo seguro de sa\u00fade e dias extra de f\u00e9rias.<\/div>\n<\/div>\n\t<\/div>\n\n\t\t\t<div class=\"images_slider swiper\">\n\t\t\t<div class=\"swiper-wrapper\">\n\t\t\t\t\t\t\t\t\t<div class=\"swiper-slide\">\n\t\t\t\t\t\t<img loading=\"lazy\" decoding=\"async\" width=\"706\" height=\"1382\" src=\"https:\/\/novalogica.pt\/wp-content\/uploads\/2022\/09\/context-dynamics365-novalogica-carers.jpg\" class=\"attachment-large size-large\" alt=\"\" srcset=\"https:\/\/novalogica.pt\/wp-content\/uploads\/2022\/09\/context-dynamics365-novalogica-carers.jpg 706w, https:\/\/novalogica.pt\/wp-content\/uploads\/2022\/09\/context-dynamics365-novalogica-carers-307x600.jpg 307w\" sizes=\"auto, (max-width: 706px) 100vw, 706px\" \/>\t\t\t\t\t<\/div>\n\t\t\t\t\t\t\t\t\t<div class=\"swiper-slide\">\n\t\t\t\t\t\t<img loading=\"lazy\" decoding=\"async\" width=\"706\" height=\"1382\" src=\"https:\/\/novalogica.pt\/wp-content\/uploads\/2022\/09\/context-microsoft-dev-novalogica-carers.jpg\" class=\"attachment-large size-large\" alt=\"\" srcset=\"https:\/\/novalogica.pt\/wp-content\/uploads\/2022\/09\/context-microsoft-dev-novalogica-carers.jpg 706w, https:\/\/novalogica.pt\/wp-content\/uploads\/2022\/09\/context-microsoft-dev-novalogica-carers-307x600.jpg 307w\" sizes=\"auto, (max-width: 706px) 100vw, 706px\" \/>\t\t\t\t\t<\/div>\n\t\t\t\t\t\t\t\t\t<div class=\"swiper-slide\">\n\t\t\t\t\t\t<img loading=\"lazy\" decoding=\"async\" width=\"706\" height=\"1382\" src=\"https:\/\/novalogica.pt\/wp-content\/uploads\/2022\/09\/context-devops-novalogica-carers.jpg\" class=\"attachment-large size-large\" alt=\"\" srcset=\"https:\/\/novalogica.pt\/wp-content\/uploads\/2022\/09\/context-devops-novalogica-carers.jpg 706w, https:\/\/novalogica.pt\/wp-content\/uploads\/2022\/09\/context-devops-novalogica-carers-307x600.jpg 307w\" sizes=\"auto, (max-width: 706px) 100vw, 706px\" \/>\t\t\t\t\t<\/div>\n\t\t\t\t\t\t\t<\/div>\n\t\t<\/div>\n\t\n<\/div>\n[\/vc_column][\/vc_row][\/vc_section][vc_section disable_element=&#8221;yes&#8221; title=&#8221;Trainees&#8221;][vc_row][vc_column]<div class=\"novalogica_heading style_2\" data-track-viewport>\n\n\t\t\t<div class=\"text\">We know what\u2019s happening in the world when it comes to technology and we\u2019re sure we\u2019ll be able to figure out a way to put your business at it\u2019s best performance.<\/div>\n\t\n\t<div class=\"heading_section_1\">\n\n\t\t<h1 class=\"heading\">\n\n\t\t\t\t\t\t\t<div class=\"pre_title\">Making<\/div>\n\t\t\t\n\t\t\t\t\t\t\t<div class=\"title\">Great Minds<\/div>\n\t\t\t\n\t\t\t\t\t\t\t<div class=\"pos_title\">That think alike<\/div>\n\t\t\t\n\t\t<\/h1>\n\n\t\t\n\t<\/div>\n\n\t<div class=\"heading_section_2\">\n\t\t\t\t\t<div class=\"image\">\n\t\t\t\t<img loading=\"lazy\" decoding=\"async\" width=\"1566\" height=\"490\" src=\"https:\/\/novalogica.pt\/wp-content\/uploads\/2022\/09\/header-image-trainees-novalogica.jpg\" class=\"attachment-full size-full\" alt=\"\" srcset=\"https:\/\/novalogica.pt\/wp-content\/uploads\/2022\/09\/header-image-trainees-novalogica.jpg 1566w, https:\/\/novalogica.pt\/wp-content\/uploads\/2022\/09\/header-image-trainees-novalogica-600x188.jpg 600w\" sizes=\"auto, (max-width: 1566px) 100vw, 1566px\" \/>\t\t\t<\/div>\n\t\t\t\t\t<\/div>\n\n<\/div>\n<div class=\"novalogica_columns\" data-track-viewport>\n\n    \n    <div class=\"columns novalogica_animate_children\" data-track-viewport>\n        <div class=\"column\">\n    <h3 class=\"title\">Reason 01<\/h3>\n    <div class=\"description\">We've successfully implemented dozens of projects over the years. \u2028All of the knowledge we got, you\u2019ll have it too.<\/div>\n    <\/div>\n<div class=\"column\">\n    <h3 class=\"title\">Reason 02<\/h3>\n    <div class=\"description\">From Retail to Insurance and Banking, we've been through it all. We're happy to adapt our shape to your needs.<\/div>\n    <\/div>\n<div class=\"column\">\n    <h3 class=\"title\">Reason 03<\/h3>\n    <div class=\"description\">No bullshit. No smoke and mirrors. What you see is what you get.<\/div>\n    <\/div>\n    <\/div>\n\n            <div class=\"button_block\">\n\t<a href=\"#footer\">\n\t\t<span class=\"button_text\">Apply to<br \/>\nour<br \/>\ntrainee<br \/>\nprogram<\/span>\n\t\t<span class=\"button_arrow\"><\/span>\n\t<\/a>\n<\/div>\n    \n<\/div>\n[\/vc_column][\/vc_row][\/vc_section]<\/p>\n","protected":false},"excerpt":{"rendered":"<p>[vc_section title=&#8221;Oportunidades&#8221;][vc_row][vc_column][\/vc_column][\/vc_row][\/vc_section][vc_section title=&#8221;O que Oferecemos&#8221;][vc_row][vc_column][\/vc_column][\/vc_row][\/vc_section][vc_section disable_element=&#8221;yes&#8221; title=&#8221;Trainees&#8221;][vc_row][vc_column][\/vc_column][\/vc_row][\/vc_section]<\/p>\n","protected":false},"author":1,"featured_media":0,"parent":0,"menu_order":4,"comment_status":"closed","ping_status":"closed","template":"","meta":{"footnotes":""},"class_list":["post-416","page","type-page","status-publish","hentry"],"lang":"pt","translations":{"pt":416,"en":14},"pll_sync_post":[],"_links":{"self":[{"href":"https:\/\/novalogica.pt\/wp-json\/wp\/v2\/pages\/416","targetHints":{"allow":["GET"]}}],"collection":[{"href":"https:\/\/novalogica.pt\/wp-json\/wp\/v2\/pages"}],"about":[{"href":"https:\/\/novalogica.pt\/wp-json\/wp\/v2\/types\/page"}],"author":[{"embeddable":true,"href":"https:\/\/novalogica.pt\/wp-json\/wp\/v2\/users\/1"}],"replies":[{"embeddable":true,"href":"https:\/\/novalogica.pt\/wp-json\/wp\/v2\/comments?post=416"}],"version-history":[{"count":4,"href":"https:\/\/novalogica.pt\/wp-json\/wp\/v2\/pages\/416\/revisions"}],"predecessor-version":[{"id":736,"href":"https:\/\/novalogica.pt\/wp-json\/wp\/v2\/pages\/416\/revisions\/736"}],"wp:attachment":[{"href":"https:\/\/novalogica.pt\/wp-json\/wp\/v2\/media?parent=416"}],"curies":[{"name":"wp","href":"https:\/\/api.w.org\/{rel}","templated":true}]}}